{"id":113,"date":"2021-09-02T14:50:44","date_gmt":"2021-09-02T14:50:44","guid":{"rendered":"https:\/\/www.dierentolk-marjon.nl\/?page_id=113"},"modified":"2026-01-18T13:35:49","modified_gmt":"2026-01-18T13:35:49","slug":"consulten","status":"publish","type":"page","link":"https:\/\/www.dierentolk-marjon.nl\/?page_id=113","title":{"rendered":"Consulten"},"content":{"rendered":"\n<p class=\"has-text-align-center\"><strong>Algemene informatie (o.a. gedrag)<\/strong><\/p>\n\n\n\n<p>Als dierentolk ben ik geen gedachtelezer of gedachtenbeheerser. Ik kan je niet vertellen wat<br>jouw dier denkt of voelt door alleen maar naar hem\/haar te kijken, noch kan ik hem\/haar<br>dwingen iets te doen tegen zijn\/haar wil. Dierencommunicatie is een vorm van<br>energieheling die helpt de communicatiekloof tussen mens en dier te overbruggen.<br><br>Het communiceren met je dier vindt altijd op afstand plaats, Ik kom niet aan huis.<br><br>Als ik gecommuniceerd heb met het dier maak ik hier een verslag van die ik je\/jullie via de<br>mail toestuur. In het verslag zal altijd iets naar voren komen waaraan je kunt zien dat ik<br>ook daadwerkelijk met het desbetreffende dier gecommuniceerd heb.<br><br>Tijdens het communiceren hoeven jullie verder niets te doen of te laten.<br><br>Wat in het verslag komt is een vertaling van wat het dier mij heeft verteld, soms zijn het<br>zelfs \u2018de woorden\u2019 van het dier. Wat centraal staat is, hoe hij\/zij de dingen ervaart\/heeft<br>ervaren, de dingen interpreteert en wat hij\/zij belangrijk vindt.<br>Soms is het van belang dat je tussen de regels door leest en niet alles te letterlijk neemt.<br>Hiermee bedoel ik te zeggen dat iets soms n\u00e9t even anders is in de beleving van de mens,<br>dan dat het dier mij vertelt. Daarom is mijn advies altijd om het verslag te lezen, het een<br>paar dagen weg te leggen en het dan weer eens te lezen. Meestal worden dingen dan<br>duidelijker.<br><br>Verder zit er in het verslag geen goed of fout, het is zoals het dier het ervaart. Buiten de<br>controle vragen om natuurlijk. Welke kunnen gaan over inrichting van het huis, de<br>omgeving buiten, de tuin, karakter van verzorger(s), uiterlijk van verzorger(s), mensen die<br>over de vloer komen waar het dier binding mee ervaart, etc.<br><br>Het gebeurt regelmatig dat een dier tegenwoordige tijd en verleden tijd door elkaar haalt,<br>ik noteer alles zoals ik het \u201cbinnen\u201d krijg en soms is het voor mij niet begrijpelijk maar voor de verzorger wel.<br>Daarbij is het soms fijn om te weten dat een dier het begrip \u2018tijd\u2019, niet invult zoals wij<br>mensen dat doen. Zij hebben hierin een andere beleving, een ander besef. Het gaat dieren<br>voornamelijk om de beleving\/ervaring.<br><br>Jammer genoeg wordt regelmatig van een dierentolk verwacht dat we de problemen<br>oplossen, soms daar waar een dierenarts het niet meer weet.<br>Helaas kunnen ook wij geen bergen verzetten. Uiteraard doe ik mijn best om zo goed als<br>mogelijk te helpen. Let wel, ik ben geen dierenarts of helderziende. Ik heb telepathisch<br>contact met dieren, dat is echt iets anders.<br><br>Het is van belang te beseffen dat hetgeen ik als dierentolk doorkrijg aan informatie zaken<br>zijn waar je zelf mee aan de slag moet, mocht dit aan de orde zijn. Het kan zijn dat een dier<br>de verzorger een spiegel voorhoudt. Dit kan confronterend zijn maar weet dat een dier dit<br>enkel vanuit liefde doet. Een dier zal ons nooit iets verwijten, een dier wil enkel het beste<br>voor ons.<br><br>Het komt weleens voor dat een dier er nog niet helemaal klaar voor is als ik hem\/haar<br>uitnodig om te communiceren.<\/p>\n\n\n\n<p class=\"has-text-align-left\">Vooral bij dieren die de aarde hebben verlaten merk ik dit. Dan respecteer ik dat en<br>probeer ik het later nogmaals. Dat kan betekenen dat het enkele dagen langer duurt voor ik<br>het verslag mail. Ook komt het voor dat een dier aan het contact moet wennen of dat het<br>gewoon op dat moment even niet uitkomt. Gelukkig komt dit niet heel vaak voor.<br><br>Het is een bewuste keuze dat ik van tevoren niet doorgeef wanneer ik met een dier ga<br>communiceren. Dit om de communicatie zo puur mogelijk te laten verlopen, los van<br>energie van bijvoorbeeld de verzorger.<br><br>Het communiceren gebeurt op volgorde van binnenkomst betaling. Als de betaling is<br>voldaan, wordt hier geen extra mail over verstuurd. Heeft u het geld overgemaakt en heeft<br>u na 3 weken nog geen verslag ontvangen neem dan gerust contact op.<br><br>Mocht ik merken dat een betaling uitblijft dan mail ik met de vraag of er nog wel behoefte<br>is aan de communicatie.<br><br>Normaal gesproken vindt het communiceren plaats binnen 2 weken (afhankelijk van<br>wanneer de betaling voldaan is) spoedconsulten daargelaten.<\/p>\n\n\n\n<p class=\"has-text-align-center\"><strong>&#8216;Reis door het lichaam&#8217;<\/strong><\/p>\n\n\n\n<p class=\"has-text-align-left\">Mocht ik ook een \u2018reis door het lichaam\u2019 van je dier gaan maken, dan zal ik het dier hier<br>eerst toestemming voor vragen en uitleggen wat de bedoeling ervan is, hoe het in zijn werk<br>gaat, hoe ik \u2018de reis\u2019 ga doen.&nbsp;<br>Wanneer ik toestemming krijg, zal ik alle ongemakken noteren die ik tegenkom gedurende<br>de reis. Daar waar mogelijk zal ik het direct energetisch behandelen.<\/p>\n\n\n\n<p class=\"has-text-align-center\"><strong>Sessie emotioneel traumaverwerking<\/strong><\/p>\n\n\n\n<p class=\"has-text-align-left\">Tijdens deze sessie ga ik kijken waar het \u2018probleem\u2019 oorspronkelijk begonnen is.<br>Daarna kan ik de emotionele blokkades gaan opheffen.<br>Deze behandelmethode is er dus op gericht om weer evenwicht te brengen tussen lichaam<br>en geest waardoor het dier beter in balans komt: Als de emotionele blokkades eenmaal zijn<br>opgeheven zal het dier zich weer beter kunnen ontspannen en het zelfgenezend vermogen<br>kan door de behandeling weer zuiverder \u2018werken\u2019.<br>Hij\/zij zal zich weer dier gaan voelen, de verzorger(s) zullen ook constateren dat hun dier<br>zich vrijer en vrolijker voelt.<br><br>Reactie van het dier tijdens en na de behandeling sessie emotioneel traumaverwerking:<br><br>Over het algemeen is het dier tijdens een behandeling erg ontspannen.<br><br>Het kan voorkomen dat het dier tijdens en na de behandeling in een diepe slaap<br>terechtkomt of gaat dromen.<br><br>Het kan ook gebeuren dat het hele lichaam gaat of enkele ledenmaten hevig gaan trillen of<br>dat het dier ineens gaat lopen.<br><br>Vlak na de behandeling zijn de dieren meestal heel rustig of gaan ze slapen.<br><br>De eerste dagen na de behandeling is het dier rustiger in zijn doen en laten. Er is een<br>rustige blik in de ogen en het dier kijkt de verzorger aan.<\/p>\n\n\n\n<p>Ook gebeurt het dat het dier nieuwsgieriger wordt.<br><br>Dieren die mishandeld zijn geweest en daardoor aanvallend gedrag vertoonden reageren<br>vaak door een rustige dag af te wisselen met een zeer onrustige dag. Deze dieren hebben<br>dan zoveel meegemaakt dat ze nog moeten wennen aan de nieuwe situatie.<\/p>\n\n\n\n<p class=\"has-text-align-center\"><strong>Reiki<\/strong><\/p>\n\n\n\n<p>Reiki is een alternatieve geneeswijze die het zelfhelend vermogen stimuleert. Bij Reiki<br>wordt er universele energie doorgegeven. Met reiki hef je blokkades in het lichaam op. Dit<br>kunnen fysieke, mentale, emotionele, energetische en zelfs spirituele blokkades zijn.<br>Stroomt de energie niet goed door de energiebanen? Dan kan dat klachten geven. Met<br>reiki neem ik deze blokkades weg. Dit bevordert het zelfgenezend proces van het lichaam.<\/p>\n\n\n\n<p class=\"has-text-align-center\"><strong>IET-healing<\/strong><\/p>\n\n\n\n<p>Integrated Energy Therapie is een krachtige healing techniek waarbij energiepatronen uit<br>het verleden die \u2018n dier beperken op een zachte manier worden verwijderd. Dit zorgt<br>ervoor dat het dier in zijn\/haar kracht komt te staan en dat \u2018t dier zowel fysiek als<br>emotioneel terug in balans komt. Bij deze healing gaan we ervan uit dat blokkades,<br>trauma\u2019s en negatieve gedachten opgeslagen worden in het cellulair geheugen van ons<br>lichaam. Tijdens de behandeling transformeren we de blokkades die opgeslagen<br>werden.\u00a0Ze worden \u00e9\u00e9n voor \u00e9\u00e9n behandeld zodat ze losgelaten kunnen worden:<br><br>\uf0b7 Schuldgevoelens loslaten en transformeren naar onschuld (dit is van toepassing op mensen, dieren kennen geen schuldgevoel)<br>\uf0b7 Wantrouwen loslaten en transformeren naar opnieuw vertrouwen op intu\u00eftie<br>\uf0b7 Bedreiging loslaten en transformeren naar je gesteund voelen<br>\uf0b7 \u2018Moeten\u2019 loslaten en transformeren naar vrijheid<br>\uf0b7 Hartpijn en teleurstellingen transformeren naar een open hart vol mededogen<br>\uf0b7 Kwaadheid transformeren naar vergeving (ook dit is een menselijke eigenschap, dieren kennen geen kwadheid in de vorm zoals wij mensne die kennen)<br>\uf0b7 Stress loslaten en transformeren naar moeiteloos in je kracht zijn<br>\uf0b7 Angst transformeren naar veiligheid<br><br>Ik hoop dat ik je\/jullie hiermee voldoende informatie heb gegeven. Mochten er nog vragen<br>zijn, dan hoor ik het natuurlijk graag.<br>Mijn medewerkster Tessa neemt de algemene mails voor haar rekening zodat ik mij kan<br>concentreren op het contact met dieren.<br>Tessa werkt integer en privacy staat zowel bij haar als bij mij hoog in het vaandel.<br><br>Warme groet,<br><br>Dierentolk Marjon<br>Haafheidestraat 7<br>6443 XR Brunssum<br>Tel. 045-527 59 80<\/p>\n\n\n\n<p>LET WEL: IK BEN GEEN DIERENARTS!<\/p>\n\n\n\n<p>Je bent en blijft zelf verantwoordelijk voor de (fysieke) gezondheid van je dier.<\/p>\n","protected":false},"excerpt":{"rendered":"<p>Algemene informatie (o.a. gedrag) Als dierentolk ben ik geen gedachtelezer of gedachtenbeheerser. Ik kan je niet vertellen watjouw dier denkt of voelt door alleen maar naar hem\/haar te kijken, noch kan ik hem\/haardwingen iets te doen tegen zijn\/haar wil. Dierencommunicatie &hellip; <a href=\"https:\/\/www.dierentolk-marjon.nl\/?page_id=113\">Lees verder <span class=\"meta-nav\">&rarr;<\/span><\/a><\/p>\n","protected":false},"author":3600,"featured_media":0,"parent":0,"menu_order":0,"comment_status":"closed","ping_status":"closed","template":"","meta":{"footnotes":""},"class_list":["post-113","page","type-page","status-publish","hentry"],"yoast_head":"<!-- This site is optimized with the Yoast SEO plugin v27.5 - https:\/\/yoast.com\/product\/yoast-seo-wordpress\/ -->\n<title>Consulten - Dierentolk Marjon<\/title>\n<meta name=\"description\" content=\"Dier helpen, Dierentolk, helpen met trauma dieren,\" \/>\n<meta name=\"robots\" content=\"index, follow, max-snippet:-1, max-image-preview:large, max-video-preview:-1\" \/>\n<link rel=\"canonical\" href=\"https:\/\/www.dierentolk-marjon.nl\/?page_id=113\" \/>\n<meta property=\"og:locale\" content=\"nl_NL\" \/>\n<meta property=\"og:type\" content=\"article\" \/>\n<meta property=\"og:title\" content=\"Consulten - Dierentolk Marjon\" \/>\n<meta property=\"og:description\" content=\"Dier helpen, Dierentolk, helpen met trauma dieren,\" \/>\n<meta property=\"og:url\" content=\"https:\/\/www.dierentolk-marjon.nl\/?page_id=113\" \/>\n<meta property=\"og:site_name\" content=\"Dierentolk Marjon\" \/>\n<meta property=\"article:modified_time\" content=\"2026-01-18T13:35:49+00:00\" \/>\n<meta name=\"twitter:card\" content=\"summary_large_image\" \/>\n<meta name=\"twitter:label1\" content=\"Geschatte leestijd\" \/>\n\t<meta name=\"twitter:data1\" content=\"7 minuten\" \/>\n<script type=\"application\/ld+json\" class=\"yoast-schema-graph\">{\"@context\":\"https:\\\/\\\/schema.org\",\"@graph\":[{\"@type\":\"WebPage\",\"@id\":\"https:\\\/\\\/www.dierentolk-marjon.nl\\\/?page_id=113\",\"url\":\"https:\\\/\\\/www.dierentolk-marjon.nl\\\/?page_id=113\",\"name\":\"Consulten - Dierentolk Marjon\",\"isPartOf\":{\"@id\":\"https:\\\/\\\/www.dierentolk-marjon.nl\\\/#website\"},\"datePublished\":\"2021-09-02T14:50:44+00:00\",\"dateModified\":\"2026-01-18T13:35:49+00:00\",\"description\":\"Dier helpen, Dierentolk, helpen met trauma dieren,\",\"breadcrumb\":{\"@id\":\"https:\\\/\\\/www.dierentolk-marjon.nl\\\/?page_id=113#breadcrumb\"},\"inLanguage\":\"nl-NL\",\"potentialAction\":[{\"@type\":\"ReadAction\",\"target\":[\"https:\\\/\\\/www.dierentolk-marjon.nl\\\/?page_id=113\"]}]},{\"@type\":\"BreadcrumbList\",\"@id\":\"https:\\\/\\\/www.dierentolk-marjon.nl\\\/?page_id=113#breadcrumb\",\"itemListElement\":[{\"@type\":\"ListItem\",\"position\":1,\"name\":\"Home\",\"item\":\"https:\\\/\\\/www.dierentolk-marjon.nl\\\/\"},{\"@type\":\"ListItem\",\"position\":2,\"name\":\"Consulten\"}]},{\"@type\":\"WebSite\",\"@id\":\"https:\\\/\\\/www.dierentolk-marjon.nl\\\/#website\",\"url\":\"https:\\\/\\\/www.dierentolk-marjon.nl\\\/\",\"name\":\"Dierentolk Marjon\",\"description\":\"Welkom bij Dierentolk Marjon\",\"potentialAction\":[{\"@type\":\"SearchAction\",\"target\":{\"@type\":\"EntryPoint\",\"urlTemplate\":\"https:\\\/\\\/www.dierentolk-marjon.nl\\\/?s={search_term_string}\"},\"query-input\":{\"@type\":\"PropertyValueSpecification\",\"valueRequired\":true,\"valueName\":\"search_term_string\"}}],\"inLanguage\":\"nl-NL\"}]}<\/script>\n<!-- \/ Yoast SEO plugin. -->","yoast_head_json":{"title":"Consulten - Dierentolk Marjon","description":"Dier helpen, Dierentolk, helpen met trauma dieren,","robots":{"index":"index","follow":"follow","max-snippet":"max-snippet:-1","max-image-preview":"max-image-preview:large","max-video-preview":"max-video-preview:-1"},"canonical":"https:\/\/www.dierentolk-marjon.nl\/?page_id=113","og_locale":"nl_NL","og_type":"article","og_title":"Consulten - Dierentolk Marjon","og_description":"Dier helpen, Dierentolk, helpen met trauma dieren,","og_url":"https:\/\/www.dierentolk-marjon.nl\/?page_id=113","og_site_name":"Dierentolk Marjon","article_modified_time":"2026-01-18T13:35:49+00:00","twitter_card":"summary_large_image","twitter_misc":{"Geschatte leestijd":"7 minuten"},"schema":{"@context":"https:\/\/schema.org","@graph":[{"@type":"WebPage","@id":"https:\/\/www.dierentolk-marjon.nl\/?page_id=113","url":"https:\/\/www.dierentolk-marjon.nl\/?page_id=113","name":"Consulten - Dierentolk Marjon","isPartOf":{"@id":"https:\/\/www.dierentolk-marjon.nl\/#website"},"datePublished":"2021-09-02T14:50:44+00:00","dateModified":"2026-01-18T13:35:49+00:00","description":"Dier helpen, Dierentolk, helpen met trauma dieren,","breadcrumb":{"@id":"https:\/\/www.dierentolk-marjon.nl\/?page_id=113#breadcrumb"},"inLanguage":"nl-NL","potentialAction":[{"@type":"ReadAction","target":["https:\/\/www.dierentolk-marjon.nl\/?page_id=113"]}]},{"@type":"BreadcrumbList","@id":"https:\/\/www.dierentolk-marjon.nl\/?page_id=113#breadcrumb","itemListElement":[{"@type":"ListItem","position":1,"name":"Home","item":"https:\/\/www.dierentolk-marjon.nl\/"},{"@type":"ListItem","position":2,"name":"Consulten"}]},{"@type":"WebSite","@id":"https:\/\/www.dierentolk-marjon.nl\/#website","url":"https:\/\/www.dierentolk-marjon.nl\/","name":"Dierentolk Marjon","description":"Welkom bij Dierentolk Marjon","potentialAction":[{"@type":"SearchAction","target":{"@type":"EntryPoint","urlTemplate":"https:\/\/www.dierentolk-marjon.nl\/?s={search_term_string}"},"query-input":{"@type":"PropertyValueSpecification","valueRequired":true,"valueName":"search_term_string"}}],"inLanguage":"nl-NL"}]}},"_links":{"self":[{"href":"https:\/\/www.dierentolk-marjon.nl\/index.php?rest_route=\/wp\/v2\/pages\/113","targetHints":{"allow":["GET"]}}],"collection":[{"href":"https:\/\/www.dierentolk-marjon.nl\/index.php?rest_route=\/wp\/v2\/pages"}],"about":[{"href":"https:\/\/www.dierentolk-marjon.nl\/index.php?rest_route=\/wp\/v2\/types\/page"}],"author":[{"embeddable":true,"href":"https:\/\/www.dierentolk-marjon.nl\/index.php?rest_route=\/wp\/v2\/users\/3600"}],"replies":[{"embeddable":true,"href":"https:\/\/www.dierentolk-marjon.nl\/index.php?rest_route=%2Fwp%2Fv2%2Fcomments&post=113"}],"version-history":[{"count":3,"href":"https:\/\/www.dierentolk-marjon.nl\/index.php?rest_route=\/wp\/v2\/pages\/113\/revisions"}],"predecessor-version":[{"id":165,"href":"https:\/\/www.dierentolk-marjon.nl\/index.php?rest_route=\/wp\/v2\/pages\/113\/revisions\/165"}],"wp:attachment":[{"href":"https:\/\/www.dierentolk-marjon.nl\/index.php?rest_route=%2Fwp%2Fv2%2Fmedia&parent=113"}],"curies":[{"name":"wp","href":"https:\/\/api.w.org\/{rel}","templated":true}]}}